{"id":4613,"date":"2021-05-07T08:45:43","date_gmt":"2021-05-07T08:45:43","guid":{"rendered":"https:\/\/infinitterapiasevolutivas.com\/academia\/?page_id=4613"},"modified":"2022-01-19T11:39:51","modified_gmt":"2022-01-19T11:39:51","slug":"landing-arcangeles","status":"publish","type":"page","link":"https:\/\/infinitterapiasevolutivas.com\/academia\/landing-arcangeles\/","title":{"rendered":"Landing Arc\u00e1ngeles"},"content":{"rendered":"\t\t<div data-elementor-type=\"wp-page\" data-elementor-id=\"4613\" class=\"elementor elementor-4613\" data-elementor-post-type=\"page\">\n\t\t\t\t\t\t<section class=\"elementor-section elementor-top-section elementor-element elementor-element-21b4a50 elementor-section-boxed elementor-section-height-default elementor-section-height-default\" data-id=\"21b4a50\" data-element_type=\"section\">\n\t\t\t\t\t\t<div class=\"elementor-container elementor-column-gap-default\">\n\t\t\t\t\t<div class=\"elementor-column elementor-col-100 elementor-top-column elementor-element elementor-element-59dd3fc7\" data-id=\"59dd3fc7\" data-element_type=\"column\">\n\t\t\t<div class=\"elementor-widget-wrap elementor-element-populated\">\n\t\t\t\t\t\t<div class=\"elementor-element elementor-element-6fe9b6b1 elementor-widget elementor-widget-image\" data-id=\"6fe9b6b1\" data-element_type=\"widget\" data-widget_type=\"image.default\">\n\t\t\t\t<div class=\"elementor-widget-container\">\n\t\t\t\t\t\t\t\t\t\t\t\t\t<img fetchpriority=\"high\" decoding=\"async\" width=\"800\" height=\"566\" src=\"https:\/\/infinitterapiasevolutivas.com\/academia\/wp-content\/uploads\/2020\/04\/Logo-transparente-sin-espacio-1024x724.png\" class=\"attachment-large size-large wp-image-403\" alt=\"\" srcset=\"https:\/\/infinitterapiasevolutivas.com\/academia\/wp-content\/uploads\/2020\/04\/Logo-transparente-sin-espacio-1024x724.png 1024w, https:\/\/infinitterapiasevolutivas.com\/academia\/wp-content\/uploads\/2020\/04\/Logo-transparente-sin-espacio-600x424.png 600w, https:\/\/infinitterapiasevolutivas.com\/academia\/wp-content\/uploads\/2020\/04\/Logo-transparente-sin-espacio-300x212.png 300w, https:\/\/infinitterapiasevolutivas.com\/academia\/wp-content\/uploads\/2020\/04\/Logo-transparente-sin-espacio-768x543.png 768w, https:\/\/infinitterapiasevolutivas.com\/academia\/wp-content\/uploads\/2020\/04\/elementor\/thumbs\/Logo-transparente-sin-espacio-qerjs7n2uoj5li56r24xqdwmblsrkvuceojm6l2enw.png 100w, https:\/\/infinitterapiasevolutivas.com\/academia\/wp-content\/uploads\/2020\/04\/Logo-transparente-sin-espacio.png 1500w\" sizes=\"(max-width: 800px) 100vw, 800px\">\t\t\t\t\t\t\t\t\t\t\t\t\t<\/div>\n\t\t\t\t<\/div>\n\t\t\t\t\t<\/div>\n\t\t<\/div>\n\t\t\t\t\t<\/div>\n\t\t<\/section>\n\t\t\t\t<section class=\"elementor-section elementor-top-section elementor-element elementor-element-0e6b1c5 elementor-section-boxed elementor-section-height-default elementor-section-height-default\" data-id=\"0e6b1c5\" data-element_type=\"section\">\n\t\t\t\t\t\t<div class=\"elementor-container elementor-column-gap-default\">\n\t\t\t\t\t<div class=\"elementor-column elementor-col-100 elementor-top-column elementor-element elementor-element-5252ad7 elementor-hidden-desktop elementor-hidden-tablet\" data-id=\"5252ad7\" data-element_type=\"column\" data-settings=\"{&quot;background_background&quot;:&quot;classic&quot;}\">\n\t\t\t<div class=\"elementor-widget-wrap elementor-element-populated\">\n\t\t\t\t\t\t<div class=\"elementor-element elementor-element-2715ab2 elementor-widget elementor-widget-spacer\" data-id=\"2715ab2\" data-element_type=\"widget\" data-widget_type=\"spacer.default\">\n\t\t\t\t<div class=\"elementor-widget-container\">\n\t\t\t\t\t<div class=\"elementor-spacer\">\n\t\t\t<div class=\"elementor-spacer-inner\"><\/div>\n\t\t<\/div>\n\t\t\t\t<\/div>\n\t\t\t\t<\/div>\n\t\t\t\t<div class=\"elementor-element elementor-element-63386a9 animated-fast elementor-invisible elementor-widget elementor-widget-heading\" data-id=\"63386a9\" data-element_type=\"widget\" data-settings=\"{&quot;_animation&quot;:&quot;zoomIn&quot;,&quot;_animation_delay&quot;:&quot;200&quot;}\" data-widget_type=\"heading.default\">\n\t\t\t\t<div class=\"elementor-widget-container\">\n\t\t\t<h1 class=\"elementor-heading-title elementor-size-default\">Los Arc\u00e1ngeles y Maestros Ascendidos simpre est\u00e1n a tu lado para ayudarte .<br><br><\/h1>\t\t<\/div>\n\t\t\t\t<\/div>\n\t\t\t\t\t<\/div>\n\t\t<\/div>\n\t\t\t\t\t<\/div>\n\t\t<\/section>\n\t\t\t\t<section class=\"elementor-section elementor-top-section elementor-element elementor-element-78913acb elementor-section-full_width elementor-section-height-default elementor-section-height-default\" data-id=\"78913acb\" data-element_type=\"section\" data-settings=\"{&quot;background_background&quot;:&quot;classic&quot;}\">\n\t\t\t\t\t\t<div class=\"elementor-container elementor-column-gap-default\">\n\t\t\t\t\t<div class=\"elementor-column elementor-col-100 elementor-top-column elementor-element elementor-element-c7022c0 elementor-hidden-tablet elementor-hidden-phone\" data-id=\"c7022c0\" data-element_type=\"column\" data-settings=\"{&quot;background_background&quot;:&quot;classic&quot;}\">\n\t\t\t<div class=\"elementor-widget-wrap elementor-element-populated\">\n\t\t\t\t\t\t<div class=\"elementor-element elementor-element-6c47ccd elementor-widget elementor-widget-spacer\" data-id=\"6c47ccd\" data-element_type=\"widget\" data-widget_type=\"spacer.default\">\n\t\t\t\t<div class=\"elementor-widget-container\">\n\t\t\t\t\t<div class=\"elementor-spacer\">\n\t\t\t<div class=\"elementor-spacer-inner\"><\/div>\n\t\t<\/div>\n\t\t\t\t<\/div>\n\t\t\t\t<\/div>\n\t\t\t\t<div class=\"elementor-element elementor-element-2f97486 elementor-widget elementor-widget-heading\" data-id=\"2f97486\" data-element_type=\"widget\" data-widget_type=\"heading.default\">\n\t\t\t\t<div class=\"elementor-widget-container\">\n\t\t\t<h3 class=\"elementor-heading-title elementor-size-default\">\nDesde la educaci\u00f3n y trabajo, hasta la espiritualidad <\/h3>\t\t<\/div>\n\t\t\t\t<\/div>\n\t\t\t\t<div class=\"elementor-element elementor-element-77bebe19 animated-fast elementor-invisible elementor-widget elementor-widget-heading\" data-id=\"77bebe19\" data-element_type=\"widget\" data-settings=\"{&quot;_animation&quot;:&quot;zoomIn&quot;,&quot;_animation_delay&quot;:&quot;200&quot;}\" data-widget_type=\"heading.default\">\n\t\t\t\t<div class=\"elementor-widget-container\">\n\t\t\t<h1 class=\"elementor-heading-title elementor-size-xxl\">Los Arc\u00e1ngeles y Maestros Ascendidos simpre est\u00e1n a tu lado para ayudarte .<br><br>\nTodos tenemos un maestro que nos gu\u00eda, todos podemos acceder a los mensajes que nos dan los maestros.<\/h1>\t\t<\/div>\n\t\t\t\t<\/div>\n\t\t\t\t\t<\/div>\n\t\t<\/div>\n\t\t\t\t\t<\/div>\n\t\t<\/section>\n\t\t\t\t<section class=\"elementor-section elementor-top-section elementor-element elementor-element-3f7650ee elementor-section-boxed elementor-section-height-default elementor-section-height-default\" data-id=\"3f7650ee\" data-element_type=\"section\">\n\t\t\t\t\t\t<div class=\"elementor-container elementor-column-gap-default\">\n\t\t\t\t\t<div class=\"elementor-column elementor-col-33 elementor-top-column elementor-element elementor-element-11b95e28\" data-id=\"11b95e28\" data-element_type=\"column\">\n\t\t\t<div class=\"elementor-widget-wrap\">\n\t\t\t\t\t\t\t<\/div>\n\t\t<\/div>\n\t\t\t\t<div class=\"elementor-column elementor-col-33 elementor-top-column elementor-element elementor-element-2772ccc8\" data-id=\"2772ccc8\" data-element_type=\"column\">\n\t\t\t<div class=\"elementor-widget-wrap elementor-element-populated\">\n\t\t\t\t\t\t<div class=\"elementor-element elementor-element-2ea9c42b elementor-widget elementor-widget-heading\" data-id=\"2ea9c42b\" data-element_type=\"widget\" data-widget_type=\"heading.default\">\n\t\t\t\t<div class=\"elementor-widget-container\">\n\t\t\t<h3 class=\"elementor-heading-title elementor-size-default\">EXPERIENCIAS QUE CAMBIAN LA VIDA<\/h3>\t\t<\/div>\n\t\t\t\t<\/div>\n\t\t\t\t<div class=\"elementor-element elementor-element-2d9b9aa5 elementor-widget elementor-widget-heading\" data-id=\"2d9b9aa5\" data-element_type=\"widget\" data-widget_type=\"heading.default\">\n\t\t\t\t<div class=\"elementor-widget-container\">\n\t\t\t<h2 class=\"elementor-heading-title elementor-size-xl\">Aprende sobre Arc\u00e1ngeles y <br>Maestros Ascendidos en el <br>Taller GRATUITO <\/h2>\t\t<\/div>\n\t\t\t\t<\/div>\n\t\t\t\t<div class=\"elementor-element elementor-element-46ebb24d elementor-widget elementor-widget-text-editor\" data-id=\"46ebb24d\" data-element_type=\"widget\" data-widget_type=\"text-editor.default\">\n\t\t\t\t<div class=\"elementor-widget-container\">\n\t\t\t\t\t\t\t<p style=\"text-align: left;\"><span style=\"color: #000000;\">Ellos siempre est\u00e1n a nuestro lado, s\u00f3lo hay que pedirles ayuda y ellos conectar\u00e1n con nosotros a trav\u00e9s de sue\u00f1os, de percepciones, a trav\u00e9s de cosas cotidianas, puede llegarte el mensaje en una canci\u00f3n, en el t\u00edtulo de una pel\u00edcula, tomando el caf\u00e9 con un amigo,\u2026 s\u00f3lo hay que prestar atenci\u00f3n, tener plena consciencia y la mente abierta.<\/span><\/p><p style=\"text-align: left;\"><span style=\"color: #000000;\">\u00a0<\/span><\/p><p style=\"text-align: left;\"><span style=\"color: #000000;\">A menudo los mensajes son sencillos, claros y di\u00e1fanos. No les prestamos atenci\u00f3n porque nos parecen fantas\u00eda, fruto de nuestra imaginaci\u00f3n.<\/span><\/p><p style=\"text-align: left;\"><span style=\"color: #000000;\">\u00a0<\/span><\/p><p style=\"text-align: left;\"><span style=\"color: #000000;\">Ellos, los Maestros, gu\u00edas, \u2026 nos hablan desde la LUZ, desde el AMOR, con absoluta comprensi\u00f3n de nuestro ser. Ellos, s\u00f3lo nos transmiten mensajes positivos para nuestro crecimiento, para nuestra evoluci\u00f3n desde el Amor m\u00e1s profundo del Universo.<\/span><\/p>\t\t\t\t\t\t<\/div>\n\t\t\t\t<\/div>\n\t\t\t\t\t<\/div>\n\t\t<\/div>\n\t\t\t\t<div class=\"elementor-column elementor-col-33 elementor-top-column elementor-element elementor-element-6a76595f\" data-id=\"6a76595f\" data-element_type=\"column\">\n\t\t\t<div class=\"elementor-widget-wrap\">\n\t\t\t\t\t\t\t<\/div>\n\t\t<\/div>\n\t\t\t\t\t<\/div>\n\t\t<\/section>\n\t\t\t\t<section class=\"elementor-section elementor-top-section elementor-element elementor-element-4b435766 elementor-section-boxed elementor-section-height-default elementor-section-height-default\" data-id=\"4b435766\" data-element_type=\"section\">\n\t\t\t\t\t\t<div class=\"elementor-container elementor-column-gap-default\">\n\t\t\t\t\t<div class=\"elementor-column elementor-col-25 elementor-top-column elementor-element elementor-element-3630148d\" data-id=\"3630148d\" data-element_type=\"column\">\n\t\t\t<div class=\"elementor-widget-wrap\">\n\t\t\t\t\t\t\t<\/div>\n\t\t<\/div>\n\t\t\t\t<div class=\"elementor-column elementor-col-50 elementor-top-column elementor-element elementor-element-1d74517f\" data-id=\"1d74517f\" data-element_type=\"column\">\n\t\t\t<div class=\"elementor-widget-wrap elementor-element-populated\">\n\t\t\t\t\t\t<div class=\"elementor-element elementor-element-7f1d0130 elementor-widget-divider--view-line elementor-widget elementor-widget-divider\" data-id=\"7f1d0130\" data-element_type=\"widget\" data-widget_type=\"divider.default\">\n\t\t\t\t<div class=\"elementor-widget-container\">\n\t\t\t\t\t<div class=\"elementor-divider\">\n\t\t\t<span class=\"elementor-divider-separator\">\n\t\t\t\t\t\t<\/span>\n\t\t<\/div>\n\t\t\t\t<\/div>\n\t\t\t\t<\/div>\n\t\t\t\t\t<\/div>\n\t\t<\/div>\n\t\t\t\t<div class=\"elementor-column elementor-col-25 elementor-top-column elementor-element elementor-element-59047696\" data-id=\"59047696\" data-element_type=\"column\">\n\t\t\t<div class=\"elementor-widget-wrap\">\n\t\t\t\t\t\t\t<\/div>\n\t\t<\/div>\n\t\t\t\t\t<\/div>\n\t\t<\/section>\n\t\t\t\t<section class=\"elementor-section elementor-top-section elementor-element elementor-element-145937a5 elementor-section-content-middle elementor-section-boxed elementor-section-height-default elementor-section-height-default\" data-id=\"145937a5\" data-element_type=\"section\" data-settings=\"{&quot;background_background&quot;:&quot;gradient&quot;}\">\n\t\t\t\t\t\t<div class=\"elementor-container elementor-column-gap-default\">\n\t\t\t\t\t<div class=\"elementor-column elementor-col-33 elementor-top-column elementor-element elementor-element-2629a688\" data-id=\"2629a688\" data-element_type=\"column\">\n\t\t\t<div class=\"elementor-widget-wrap\">\n\t\t\t\t\t\t\t<\/div>\n\t\t<\/div>\n\t\t\t\t<div class=\"elementor-column elementor-col-33 elementor-top-column elementor-element elementor-element-3cd6b50\" data-id=\"3cd6b50\" data-element_type=\"column\">\n\t\t\t<div class=\"elementor-widget-wrap elementor-element-populated\">\n\t\t\t\t\t\t<div class=\"elementor-element elementor-element-e444d32 elementor-widget elementor-widget-spacer\" data-id=\"e444d32\" data-element_type=\"widget\" data-widget_type=\"spacer.default\">\n\t\t\t\t<div class=\"elementor-widget-container\">\n\t\t\t\t\t<div class=\"elementor-spacer\">\n\t\t\t<div class=\"elementor-spacer-inner\"><\/div>\n\t\t<\/div>\n\t\t\t\t<\/div>\n\t\t\t\t<\/div>\n\t\t\t\t<div class=\"elementor-element elementor-element-92b6402 elementor-widget elementor-widget-heading\" data-id=\"92b6402\" data-element_type=\"widget\" data-widget_type=\"heading.default\">\n\t\t\t\t<div class=\"elementor-widget-container\">\n\t\t\t<h1 class=\"elementor-heading-title elementor-size-default\">Que aprenderas en este taller<\/h1>\t\t<\/div>\n\t\t\t\t<\/div>\n\t\t\t\t<div class=\"elementor-element elementor-element-839f984 elementor-widget elementor-widget-spacer\" data-id=\"839f984\" data-element_type=\"widget\" data-widget_type=\"spacer.default\">\n\t\t\t\t<div class=\"elementor-widget-container\">\n\t\t\t\t\t<div class=\"elementor-spacer\">\n\t\t\t<div class=\"elementor-spacer-inner\"><\/div>\n\t\t<\/div>\n\t\t\t\t<\/div>\n\t\t\t\t<\/div>\n\t\t\t\t<div class=\"elementor-element elementor-element-4e950413 elementor-widget elementor-widget-heading\" data-id=\"4e950413\" data-element_type=\"widget\" data-widget_type=\"heading.default\">\n\t\t\t\t<div class=\"elementor-widget-container\">\n\t\t\t<h1 class=\"elementor-heading-title elementor-size-default\">En este taller aprenderemos a ir de nuestro exterior a nuestro interior divino, para desde all\u00ed, conectar y recibir aquellos mensajes que nos sean \u00fatiles.<br><br>\n\nEn este taller aprenderemos a discernir entre un mensaje de un Maestro o gu\u00eda y aquellos que forman parte de las entidades de baja vibraci\u00f3n o son fruto de nuestra imaginaci\u00f3n.<br><br>\n\nIntentaremos conectar con la sabidur\u00eda ancestral y Universal para hallar respuestas a nuestras preguntas, a nuestras dudas, a nuestras inquietudes.<br><br>\n\nEl Objetivo final de estos mensajes de la conexi\u00f3n con los Maestros o gu\u00edas, es seguir creciendo y evolucionando en nuestro camino como seres de luz perfectos y alcanzar la plenitud del Amor divino.<br><br>\n\nDescubriremos como parte de la magia habita en nosotros mismos, en nuestro saber ancestral, en la capacidad que tenemos para recibir esos mensajes de ayuda en el camino, veremos c\u00f3mo se puede lograr cosas por la intenci\u00f3n y la claridad.<br><br>\n\nComprenderemos la base de la comunicaci\u00f3n con las entidades ang\u00e9licas, c\u00f3mo sentirlos, c\u00f3mo contactar con ellos y  c\u00f3mo nos hablan ellos a nosotros.<\/h1>\t\t<\/div>\n\t\t\t\t<\/div>\n\t\t\t\t\t<\/div>\n\t\t<\/div>\n\t\t\t\t<div class=\"elementor-column elementor-col-33 elementor-top-column elementor-element elementor-element-84e9935\" data-id=\"84e9935\" data-element_type=\"column\">\n\t\t\t<div class=\"elementor-widget-wrap\">\n\t\t\t\t\t\t\t<\/div>\n\t\t<\/div>\n\t\t\t\t\t<\/div>\n\t\t<\/section>\n\t\t\t\t<section class=\"elementor-section elementor-top-section elementor-element elementor-element-31082582 elementor-section-boxed elementor-section-height-default elementor-section-height-default\" data-id=\"31082582\" data-element_type=\"section\">\n\t\t\t\t\t\t<div class=\"elementor-container elementor-column-gap-default\">\n\t\t\t\t\t<div class=\"elementor-column elementor-col-100 elementor-top-column elementor-element elementor-element-6e99bdb7\" data-id=\"6e99bdb7\" data-element_type=\"column\">\n\t\t\t<div class=\"elementor-widget-wrap\">\n\t\t\t\t\t\t\t<\/div>\n\t\t<\/div>\n\t\t\t\t\t<\/div>\n\t\t<\/section>\n\t\t\t\t<section class=\"elementor-section elementor-top-section elementor-element elementor-element-428cd066 elementor-section-boxed elementor-section-height-default elementor-section-height-default\" data-id=\"428cd066\" data-element_type=\"section\">\n\t\t\t\t\t\t<div class=\"elementor-container elementor-column-gap-default\">\n\t\t\t\t\t<div class=\"elementor-column elementor-col-100 elementor-top-column elementor-element elementor-element-390c6af0\" data-id=\"390c6af0\" data-element_type=\"column\">\n\t\t\t<div class=\"elementor-widget-wrap elementor-element-populated\">\n\t\t\t\t\t\t<div class=\"elementor-element elementor-element-30c6c30d animated-slow elementor-headline--style-highlight elementor-widget elementor-widget-animated-headline\" data-id=\"30c6c30d\" data-element_type=\"widget\" data-settings=\"{&quot;highlighted_text&quot;:&quot;\\u00a1Ap\\u00fantate ya!&quot;,&quot;_animation&quot;:&quot;none&quot;,&quot;headline_style&quot;:&quot;highlight&quot;,&quot;marker&quot;:&quot;circle&quot;,&quot;loop&quot;:&quot;yes&quot;,&quot;highlight_animation_duration&quot;:1200,&quot;highlight_iteration_delay&quot;:8000}\" data-widget_type=\"animated-headline.default\">\n\t\t\t\t<div class=\"elementor-widget-container\">\n\t\t\t\t\t<h3 class=\"elementor-headline\">\n\t\t\t\t\t<span class=\"elementor-headline-plain-text elementor-headline-text-wrapper\">No te pierdas todo lo que te voy a aportar, <\/span>\n\t\t\t\t<span class=\"elementor-headline-dynamic-wrapper elementor-headline-text-wrapper\">\n\t\t\t\t\t<span class=\"elementor-headline-dynamic-text elementor-headline-text-active\">\u00a1Ap\u00fantate ya!<\/span>\n\t\t\t\t<\/span>\n\t\t\t\t<\/h3>\n\t\t\t\t<\/div>\n\t\t\t\t<\/div>\n\t\t\t\t\t<\/div>\n\t\t<\/div>\n\t\t\t\t\t<\/div>\n\t\t<\/section>\n\t\t\t\t<section class=\"elementor-section elementor-top-section elementor-element elementor-element-349cba9f elementor-section-boxed elementor-section-height-default elementor-section-height-default\" data-id=\"349cba9f\" data-element_type=\"section\">\n\t\t\t\t\t\t<div class=\"elementor-container elementor-column-gap-default\">\n\t\t\t\t\t<div class=\"elementor-column elementor-col-100 elementor-top-column elementor-element elementor-element-1d192df2\" data-id=\"1d192df2\" data-element_type=\"column\">\n\t\t\t<div class=\"elementor-widget-wrap elementor-element-populated\">\n\t\t\t\t\t\t<div class=\"elementor-element elementor-element-b4cefa2 elementor-button-warning elementor-align-center elementor-invisible elementor-widget elementor-widget-button\" data-id=\"b4cefa2\" data-element_type=\"widget\" data-settings=\"{&quot;_animation&quot;:&quot;shake&quot;,&quot;motion_fx_motion_fx_scrolling&quot;:&quot;yes&quot;,&quot;motion_fx_devices&quot;:[],&quot;_animation_mobile&quot;:&quot;tada&quot;,&quot;sticky&quot;:&quot;bottom&quot;,&quot;sticky_effects_offset&quot;:5,&quot;sticky_on&quot;:[&quot;desktop&quot;,&quot;tablet&quot;,&quot;mobile&quot;],&quot;sticky_offset&quot;:0,&quot;sticky_anchor_link_offset&quot;:0}\" data-widget_type=\"button.default\">\n\t\t\t\t<div class=\"elementor-widget-container\">\n\t\t\t\t\t\t\t<div class=\"elementor-button-wrapper\">\n\t\t\t\t\t<a class=\"elementor-button elementor-button-link elementor-size-xs elementor-animation-grow\" href=\"https:\/\/infinitterapiasevolutivas.com\/academia\/reserva-mi-plaza-arcangeles\/\">\n\t\t\t\t\t\t<span class=\"elementor-button-content-wrapper\">\n\t\t\t\t\t\t\t\t\t<span class=\"elementor-button-text\">\u00a1S\u00ed, Quiero ver al  Taller GRATUITO de Arc\u00e1ngeles y Maestros Ascendidos!<\/span>\n\t\t\t\t\t<\/span>\n\t\t\t\t\t<\/a>\n\t\t\t\t<\/div>\n\t\t\t\t\t\t<\/div>\n\t\t\t\t<\/div>\n\t\t\t\t\t<\/div>\n\t\t<\/div>\n\t\t\t\t\t<\/div>\n\t\t<\/section>\n\t\t\t\t<\/div>\n\t\t","protected":false},"excerpt":{"rendered":"<p>Los Arc\u00e1ngeles y Maestros Ascendidos simpre est\u00e1n a tu lado para ayudarte . Desde la educaci\u00f3n y trabajo, hasta la espiritualidad Los Arc\u00e1ngeles y Maestros Ascendidos simpre est\u00e1n a tu lado para ayudarte . Todos tenemos un maestro que nos gu\u00eda, todos podemos acceder a los mensajes que nos dan los maestros. EXPERIENCIAS QUE CAMBIAN [&hellip;]<\/p>\n","protected":false},"author":2,"featured_media":0,"parent":0,"menu_order":0,"comment_status":"closed","ping_status":"closed","template":"elementor_canvas","meta":{"_joinchat":[],"footnotes":""},"class_list":["post-4613","page","type-page","status-publish","hentry"],"_links":{"self":[{"href":"https:\/\/infinitterapiasevolutivas.com\/academia\/wp-json\/wp\/v2\/pages\/4613","targetHints":{"allow":["GET"]}}],"collection":[{"href":"https:\/\/infinitterapiasevolutivas.com\/academia\/wp-json\/wp\/v2\/pages"}],"about":[{"href":"https:\/\/infinitterapiasevolutivas.com\/academia\/wp-json\/wp\/v2\/types\/page"}],"author":[{"embeddable":true,"href":"https:\/\/infinitterapiasevolutivas.com\/academia\/wp-json\/wp\/v2\/users\/2"}],"replies":[{"embeddable":true,"href":"https:\/\/infinitterapiasevolutivas.com\/academia\/wp-json\/wp\/v2\/comments?post=4613"}],"version-history":[{"count":0,"href":"https:\/\/infinitterapiasevolutivas.com\/academia\/wp-json\/wp\/v2\/pages\/4613\/revisions"}],"wp:attachment":[{"href":"https:\/\/infinitterapiasevolutivas.com\/academia\/wp-json\/wp\/v2\/media?parent=4613"}],"curies":[{"name":"wp","href":"https:\/\/api.w.org\/{rel}","templated":true}]}}